{"id":979,"date":"2016-02-19T06:35:00","date_gmt":"2016-02-19T06:35:00","guid":{"rendered":"http:\/\/consulting.stylemixthemes.com\/?page_id=979"},"modified":"2019-10-18T12:27:20","modified_gmt":"2019-10-18T09:27:20","slug":"home-2","status":"publish","type":"page","link":"https:\/\/www.harmaner.com.tr\/","title":{"rendered":"ANASAYFA1"},"content":{"rendered":"<p>[vc_row full_width=&#8221;stretch_row_content_no_spaces&#8221; css=&#8221;.vc_custom_1536826172901{margin-bottom: 0px !important;}&#8221;][vc_column][rev_slider_vc alias=&#8221;ana&#8221;][\/vc_column][\/vc_row][vc_row full_width=&#8221;stretch_row&#8221; el_class=&#8221;third_bg_color&#8221; css=&#8221;.vc_custom_1450692516354{margin-bottom: 60px !important;}&#8221;][vc_column][vc_cta h2=&#8221;\u0130n\u015faat ve \u0130\u015f Makinalar\u0131, Hidrolik Pompa, Hidrolik Motorlar, Hidrolik Sistemlerin revizyonu ve yedek par\u00e7a sat\u0131\u015f\u0131&#8221; h2_font_container=&#8221;font_size:17px|color:%23193fa8|line_height:24px&#8221; h2_use_theme_fonts=&#8221;yes&#8221; shape=&#8221;square&#8221; style=&#8221;flat&#8221; add_button=&#8221;right&#8221; btn_title=&#8221;kurumsal&#8221; btn_style=&#8221;flat&#8221; btn_color=&#8221;theme_style_2&#8243; btn_align=&#8221;right&#8221; btn_i_align=&#8221;right&#8221; btn_i_icon_fontawesome=&#8221;fa fa-chevron-right&#8221; use_custom_fonts_h2=&#8221;true&#8221; btn_button_block=&#8221;true&#8221; btn_add_icon=&#8221;true&#8221; el_class=&#8221;third_bg_color&#8221; css=&#8221;.vc_custom_1536829777743{margin-bottom: 0px !important;}&#8221;][\/vc_cta][\/vc_column][\/vc_row][vc_row css=&#8221;.vc_custom_1450856873482{margin-bottom: 37px !important;}&#8221;][vc_column width=&#8221;1\/3&#8243;][stm_animation_block animation=&#8221;fadeInUp&#8221; animation_duration=&#8221;1&#8243; animation_delay=&#8221;0&#8243;][stm_info_box icon=&#8221;fa fa-chevron-right&#8221; title=&#8221;Kurumsal&#8221; image=&#8221;1547&#8243; link=&#8221;url:http%3A%2F%2Falfadestek.com%2Fharmaner%2Findex.php%2Fhakkimizda%2F|title:detayl%C4%B1%20bilgi||&#8221;]<\/p>\n<p class=\"style1\">Adem Harman taraf\u0131ndan kurulmu\u015ftur. 33 y\u0131ll\u0131k bilgi birikim ve deneyimle Ostim Organize Sanayi B\u00f6lgesinde faaliyetlerine devam etmektedir.<\/p>\n<p>[\/stm_info_box][\/stm_animation_block][\/vc_column][vc_column width=&#8221;1\/3&#8243;][stm_animation_block animation=&#8221;fadeInUp&#8221; animation_duration=&#8221;1&#8243; animation_delay=&#8221;0.05&#8243;][stm_info_box icon=&#8221;fa fa-chevron-right&#8221; title=&#8221;\u0130malatlar\u0131m\u0131z&#8221; image=&#8221;1937&#8243; link=&#8221;url:http%3A%2F%2Falfadestek.com%2Fharmaner%2Findex.php%2Fimalatlarimiz%2F|title:detayl%C4%B1%20bilgi||&#8221;]Yerli \u00fcretim ilkesiyle hareket eden firmam\u0131z\u0131n hedefi; \u00fclkemizde ve d\u00fcnya\u2019da \u00f6nde gelen kurulu\u015flar aras\u0131nda yer almaktad\u0131r.[\/stm_info_box][\/stm_animation_block][\/vc_column][vc_column width=&#8221;1\/3&#8243;][stm_animation_block animation=&#8221;fadeInUp&#8221; animation_duration=&#8221;1&#8243; animation_delay=&#8221;0.1&#8243;][stm_info_box icon=&#8221;fa fa-chevron-right&#8221; title=&#8221;Servis&#8221; image=&#8221;1551&#8243; link=&#8221;url:http%3A%2F%2Falfadestek.com%2Fharmaner%2Findex.php%2Fservis%2F|title:detayl%C4%B1%20bilgi||&#8221;]Makinalar\u0131n ihtiyac\u0131 olan\u00a0yedek par\u00e7a\u00a0ve\u00a0ya\u011f\u00a0gibi malzemeler,\u00a0zaman kayb\u0131na sebep olmadan\u00a0kar\u015f\u0131lanmaktad\u0131r.[\/stm_info_box][\/stm_animation_block][\/vc_column][\/vc_row][vc_row full_width=&#8221;stretch_row&#8221; el_class=&#8221;overlay_2 fixed_bg&#8221; css=&#8221;.vc_custom_1453381142995{margin-bottom: 42px !important;padding-top: 66px !important;padding-bottom: 66px !important;background-image: url(http:\/\/alfadestek.com\/harmaner\/wp-content\/uploads\/2016\/05\/placeholder.gif?id=122) !important;background-position: center !important;background-repeat: no-repeat !important;background-size: cover !important;}&#8221;][vc_column][vc_single_image image=&#8221;2080&#8243; img_size=&#8221;medium&#8221; alignment=&#8221;center&#8221;][vc_custom_heading text=&#8221;\u00dcst\u00fcn kalite ve uygun fiyatla yerli \u00fcretim<br \/>\n<mark>Harmaner Hidrolik Sanayi<\/mark>&#8221; font_container=&#8221;tag:div|font_size:28px|text_align:center|color:%23ffffff|line_height:34px&#8221; google_fonts=&#8221;font_family:Poppins%3A300%2Cregular%2C500%2C600%2C700|font_style:700%20bold%3A700%3Anormal&#8221;][\/vc_column][\/vc_row][vc_row css=&#8221;.vc_custom_1451479401686{margin-bottom: 31px !important;}&#8221;][vc_column][vc_custom_heading text=&#8221;Haberler&#8221; font_container=&#8221;tag:h2|font_size:45px|text_align:left&#8221; use_theme_fonts=&#8221;yes&#8221;][\/vc_column][\/vc_row][vc_row css=&#8221;.vc_custom_1451043728133{margin-bottom: 32px !important;}&#8221;][vc_column][stm_news posts_per_row=&#8221;3&#8243;][\/vc_column][\/vc_row][vc_row full_width=&#8221;stretch_row_content_no_spaces&#8221; css=&#8221;.vc_custom_1536832048772{margin-bottom: 32px !important;}&#8221;][vc_column][vc_gmaps link=&#8221;#E-8_JTNDaWZyYW1lJTIwc3JjJTNEJTIyaHR0cHMlM0ElMkYlMkZ3d3cuZ29vZ2xlLmNvbSUyRm1hcHMlMkZlbWJlZCUzRnBiJTNEJTIxMW0xOCUyMTFtMTIlMjExbTMlMjExZDMwNTcuODQ0NDIzNTA3MzM1NyUyMTJkMzIuNzQ1Mzc4NjQ5MjIxODg0JTIxM2QzOS45NjcyMzA5MzM3ODAxODYlMjEybTMlMjExZjAlMjEyZjAlMjEzZjAlMjEzbTIlMjExaTEwMjQlMjEyaTc2OCUyMTRmMTMuMSUyMTNtMyUyMTFtMiUyMTFzMHgxNGQzNDliYTMyYzc3YjUzJTI1M0EweDhjNWZkYjQzYjM1Yzk3OCUyMTJzSGFybWFuZXIlMjE1ZTAlMjEzbTIlMjExc3RyJTIxMnN0ciUyMTR2MTUzNjgzMTk3NjQ2MSUyMiUyMHdpZHRoJTNEJTIyMTAwJTI1JTIyJTIwaGVpZ2h0JTNEJTIyMzAwJTIyJTIwZnJhbWVib3JkZXIlM0QlMjIwJTIyJTIwc3R5bGUlM0QlMjJib3JkZXIlM0EwJTIyJTIwYWxsb3dmdWxsc2NyZWVuJTNFJTNDJTJGaWZyYW1lJTNF&#8221;][\/vc_column][\/vc_row]<\/p>\n","protected":false},"excerpt":{"rendered":"<p>[vc_row full_width=&#8221;stretch_row_content_no_spaces&#8221; css=&#8221;.vc_custom_1536826172901{margin-bottom: 0px !important;}&#8221;][vc_column][rev_slider_vc alias=&#8221;ana&#8221;][\/vc_column][\/vc_row][vc_row full_width=&#8221;stretch_row&#8221; el_class=&#8221;third_bg_color&#8221; css=&#8221;.vc_custom_1450692516354{margin-bottom: 60px !important;}&#8221;][vc_column][vc_cta h2=&#8221;\u0130n\u015faat ve \u0130\u015f Makinalar\u0131, Hidrolik Pompa, Hidrolik Motorlar, Hidrolik Sistemlerin revizyonu ve yedek par\u00e7a sat\u0131\u015f\u0131&#8221; h2_font_container=&#8221;font_size:17px|color:%23193fa8|line_height:24px&#8221; h2_use_theme_fonts=&#8221;yes&#8221; shape=&#8221;square&#8221; style=&#8221;flat&#8221; add_button=&#8221;right&#8221; btn_title=&#8221;kurumsal&#8221; btn_style=&#8221;flat&#8221; btn_color=&#8221;theme_style_2&#8243; btn_align=&#8221;right&#8221; btn_i_align=&#8221;right&#8221; btn_i_icon_fontawesome=&#8221;fa fa-chevron-right&#8221; use_custom_fonts_h2=&#8221;true&#8221; btn_button_block=&#8221;true&#8221; btn_add_icon=&#8221;true&#8221; el_class=&#8221;third_bg_color&#8221; css=&#8221;.vc_custom_1536829777743{margin-bottom: 0px !important;}&#8221;][\/vc_cta][\/vc_column][\/vc_row][vc_row css=&#8221;.vc_custom_1450856873482{margin-bottom: 37px !important;}&#8221;][vc_column width=&#8221;1\/3&#8243;][stm_animation_block animation=&#8221;fadeInUp&#8221; animation_duration=&#8221;1&#8243; animation_delay=&#8221;0&#8243;][stm_info_box icon=&#8221;fa fa-chevron-right&#8221; title=&#8221;Kurumsal&#8221;<\/p>\n","protected":false},"author":1,"featured_media":0,"parent":0,"menu_order":0,"comment_status":"closed","ping_status":"closed","template":"","meta":[],"_links":{"self":[{"href":"https:\/\/www.harmaner.com.tr\/index.php\/wp-json\/wp\/v2\/pages\/979"}],"collection":[{"href":"https:\/\/www.harmaner.com.tr\/index.php\/wp-json\/wp\/v2\/pages"}],"about":[{"href":"https:\/\/www.harmaner.com.tr\/index.php\/wp-json\/wp\/v2\/types\/page"}],"author":[{"embeddable":true,"href":"https:\/\/www.harmaner.com.tr\/index.php\/wp-json\/wp\/v2\/users\/1"}],"replies":[{"embeddable":true,"href":"https:\/\/www.harmaner.com.tr\/index.php\/wp-json\/wp\/v2\/comments?post=979"}],"version-history":[{"count":36,"href":"https:\/\/www.harmaner.com.tr\/index.php\/wp-json\/wp\/v2\/pages\/979\/revisions"}],"predecessor-version":[{"id":2081,"href":"https:\/\/www.harmaner.com.tr\/index.php\/wp-json\/wp\/v2\/pages\/979\/revisions\/2081"}],"wp:attachment":[{"href":"https:\/\/www.harmaner.com.tr\/index.php\/wp-json\/wp\/v2\/media?parent=979"}],"curies":[{"name":"wp","href":"https:\/\/api.w.org\/{rel}","templated":true}]}}