{"id":1861,"date":"2018-09-18T12:30:59","date_gmt":"2018-09-18T09:30:59","guid":{"rendered":"http:\/\/alfadestek.com\/harmaner\/?page_id=1861"},"modified":"2019-11-08T11:30:25","modified_gmt":"2019-11-08T08:30:25","slug":"hms-160","status":"publish","type":"page","link":"https:\/\/www.harmaner.com.tr\/index.php\/hms-160\/","title":{"rendered":"HMS 160"},"content":{"rendered":"<p>[vc_row][vc_column width=&#8221;1\/2&#8243;][vc_column_text]<strong>HMS 160<\/strong><\/p>\n<table style=\"height: 233px; width: 100%; border-collapse: collapse;\" border=\"3\">\n<tbody>\n<tr>\n<td style=\"width: 50%;\">EN<\/td>\n<td style=\"width: 50%; text-align: center;\">2300 mm<\/td>\n<\/tr>\n<tr>\n<td style=\"width: 50%;\">BOY<\/td>\n<td style=\"width: 50%; text-align: center;\">3050 mm<\/td>\n<\/tr>\n<tr>\n<td style=\"width: 50%;\">UZUNLUK<\/td>\n<td style=\"width: 50%; text-align: center;\">5800 mm<\/td>\n<\/tr>\n<tr>\n<td style=\"width: 50%;\">MOTOR<\/td>\n<td style=\"width: 50%; text-align: center;\">F6L912 &#8211; 74 Kw<\/td>\n<\/tr>\n<tr>\n<td style=\"width: 50%;\">D\u0130REKS\u0130YON T\u0130P\u0130<\/td>\n<td style=\"width: 50%; text-align: center;\">Hidrolik<\/td>\n<\/tr>\n<tr>\n<td style=\"width: 50%;\">LAST\u0130K BOYUTU<\/td>\n<td style=\"width: 50%; text-align: center;\">23.1\/26<\/td>\n<\/tr>\n<tr>\n<td style=\"width: 50%;\">POMPA<\/td>\n<td style=\"width: 50%; text-align: center;\">Sauer<\/td>\n<\/tr>\n<\/tbody>\n<\/table>\n<p>[\/vc_column_text][\/vc_column][vc_column width=&#8221;1\/2&#8243;][vc_empty_space height=&#8221;39px&#8221;][vc_single_image image=&#8221;1940&#8243; img_size=&#8221;550&#215;286&#8243; alignment=&#8221;center&#8221; onclick=&#8221;link_image&#8221;][\/vc_column][\/vc_row]<\/p>\n","protected":false},"excerpt":{"rendered":"<p>[vc_row][vc_column width=&#8221;1\/2&#8243;][vc_column_text]HMS 160 EN 2300 mm BOY 3050 mm UZUNLUK 5800 mm MOTOR F6L912 &#8211; 74 Kw D\u0130REKS\u0130YON T\u0130P\u0130 Hidrolik LAST\u0130K BOYUTU 23.1\/26 POMPA Sauer [\/vc_column_text][\/vc_column][vc_column width=&#8221;1\/2&#8243;][vc_empty_space height=&#8221;39px&#8221;][vc_single_image image=&#8221;1940&#8243; img_size=&#8221;550&#215;286&#8243; alignment=&#8221;center&#8221; onclick=&#8221;link_image&#8221;][\/vc_column][\/vc_row]<\/p>\n","protected":false},"author":1,"featured_media":0,"parent":0,"menu_order":0,"comment_status":"closed","ping_status":"closed","template":"","meta":[],"_links":{"self":[{"href":"https:\/\/www.harmaner.com.tr\/index.php\/wp-json\/wp\/v2\/pages\/1861"}],"collection":[{"href":"https:\/\/www.harmaner.com.tr\/index.php\/wp-json\/wp\/v2\/pages"}],"about":[{"href":"https:\/\/www.harmaner.com.tr\/index.php\/wp-json\/wp\/v2\/types\/page"}],"author":[{"embeddable":true,"href":"https:\/\/www.harmaner.com.tr\/index.php\/wp-json\/wp\/v2\/users\/1"}],"replies":[{"embeddable":true,"href":"https:\/\/www.harmaner.com.tr\/index.php\/wp-json\/wp\/v2\/comments?post=1861"}],"version-history":[{"count":4,"href":"https:\/\/www.harmaner.com.tr\/index.php\/wp-json\/wp\/v2\/pages\/1861\/revisions"}],"predecessor-version":[{"id":2099,"href":"https:\/\/www.harmaner.com.tr\/index.php\/wp-json\/wp\/v2\/pages\/1861\/revisions\/2099"}],"wp:attachment":[{"href":"https:\/\/www.harmaner.com.tr\/index.php\/wp-json\/wp\/v2\/media?parent=1861"}],"curies":[{"name":"wp","href":"https:\/\/api.w.org\/{rel}","templated":true}]}}