{"id":1290,"date":"2017-02-11T13:06:11","date_gmt":"2017-02-11T10:06:11","guid":{"rendered":"http:\/\/consulting.stylemixthemes.com\/demo\/?page_id=1290"},"modified":"2020-07-18T07:15:49","modified_gmt":"2020-07-18T04:15:49","slug":"hakkimizda","status":"publish","type":"page","link":"https:\/\/www.harmaner.com.tr\/index.php\/hakkimizda\/","title":{"rendered":"Hakk\u0131m\u0131zda"},"content":{"rendered":"<p>[vc_row full_width=&#8221;stretch_row&#8221; css=&#8221;.vc_custom_1485516797007{margin-top: -75px !important;margin-bottom: 55px !important;padding-top: 81px !important;padding-bottom: 78px !important;background-color: #f2f2f2 !important;}&#8221;][vc_column width=&#8221;7\/12&#8243;][vc_column_text css=&#8221;.vc_custom_1595045793577{margin-bottom: 25px !important;}&#8221;]<\/p>\n<table border=\"0\" width=\"100%\" cellspacing=\"3\" cellpadding=\"0\">\n<tbody>\n<tr>\n<td>\n<table border=\"0\" width=\"881\" cellpadding=\"0\">\n<tbody>\n<tr>\n<td width=\"606\">\n<p class=\"style2\" align=\"justify\"><strong>Harmaner Hidrolik Sanayi ve Ticaret LTD. \u015eT\u0130.<\/strong><\/p>\n<hr \/>\n<p class=\"style1\">Adem Harman taraf\u0131ndan kurulmu\u015ftur. 33 y\u0131ll\u0131k bilgi birikim ve deneyimle Ostim Organize Sanayi B\u00f6lgesinde faaliyetlerine devam etmektedir.<\/p>\n<p><span class=\"style1\"><br \/>\n\u0130n\u015faat ve \u0130\u015f Makinalar\u0131, Hidrolik Pompa, Hidrolik Motorlar, Hidrolik Sistemlerin revizyonu ve yedek par\u00e7a sat\u0131\u015f\u0131yla \u00f6nc\u00fc kurulu\u015flar aras\u0131nda yerini alm\u0131\u015ft\u0131r.<\/span><\/p>\n<hr \/>\n<p class=\"style1\" align=\"justify\"><img loading=\"lazy\" class=\"alignnone size-full wp-image-2113\" src=\"http:\/\/www.harmaner.com.tr\/wp-content\/uploads\/2020\/07\/KAL\u0130TE-POL\u0130T\u0130KAMIZ.jpg\" alt=\"\" width=\"1700\" height=\"2338\" srcset=\"https:\/\/www.harmaner.com.tr\/wp-content\/uploads\/2020\/07\/KAL\u0130TE-POL\u0130T\u0130KAMIZ.jpg 1700w, https:\/\/www.harmaner.com.tr\/wp-content\/uploads\/2020\/07\/KAL\u0130TE-POL\u0130T\u0130KAMIZ-1117x1536.jpg 1117w, https:\/\/www.harmaner.com.tr\/wp-content\/uploads\/2020\/07\/KAL\u0130TE-POL\u0130T\u0130KAMIZ-1489x2048.jpg 1489w\" sizes=\"(max-width: 1700px) 100vw, 1700px\" \/><\/p>\n<\/td>\n<\/tr>\n<\/tbody>\n<\/table>\n<\/td>\n<\/tr>\n<\/tbody>\n<\/table>\n<p>[\/vc_column_text][\/vc_column][vc_column width=&#8221;5\/12&#8243;][vc_column_text]<iframe src=\"https:\/\/www.youtube-nocookie.com\/embed\/R2Kko9VaKX8?rel=0&amp;controls=0&amp;showinfo=0\" width=\"560\" height=\"315\" frameborder=\"0\" allowfullscreen=\"allowfullscreen\"><\/iframe>[\/vc_column_text][\/vc_column][\/vc_row]<\/p>\n","protected":false},"excerpt":{"rendered":"<p>[vc_row full_width=&#8221;stretch_row&#8221; css=&#8221;.vc_custom_1485516797007{margin-top: -75px !important;margin-bottom: 55px !important;padding-top: 81px !important;padding-bottom: 78px !important;background-color: #f2f2f2 !important;}&#8221;][vc_column width=&#8221;7\/12&#8243;][vc_column_text css=&#8221;.vc_custom_1595045793577{margin-bottom: 25px !important;}&#8221;] Harmaner Hidrolik Sanayi ve Ticaret LTD. \u015eT\u0130. Adem Harman taraf\u0131ndan kurulmu\u015ftur. 33 y\u0131ll\u0131k bilgi birikim ve deneyimle Ostim Organize Sanayi B\u00f6lgesinde faaliyetlerine devam etmektedir. \u0130n\u015faat ve \u0130\u015f Makinalar\u0131, Hidrolik Pompa, Hidrolik Motorlar, Hidrolik Sistemlerin revizyonu ve yedek par\u00e7a<\/p>\n","protected":false},"author":1,"featured_media":0,"parent":0,"menu_order":0,"comment_status":"closed","ping_status":"closed","template":"","meta":[],"_links":{"self":[{"href":"https:\/\/www.harmaner.com.tr\/index.php\/wp-json\/wp\/v2\/pages\/1290"}],"collection":[{"href":"https:\/\/www.harmaner.com.tr\/index.php\/wp-json\/wp\/v2\/pages"}],"about":[{"href":"https:\/\/www.harmaner.com.tr\/index.php\/wp-json\/wp\/v2\/types\/page"}],"author":[{"embeddable":true,"href":"https:\/\/www.harmaner.com.tr\/index.php\/wp-json\/wp\/v2\/users\/1"}],"replies":[{"embeddable":true,"href":"https:\/\/www.harmaner.com.tr\/index.php\/wp-json\/wp\/v2\/comments?post=1290"}],"version-history":[{"count":9,"href":"https:\/\/www.harmaner.com.tr\/index.php\/wp-json\/wp\/v2\/pages\/1290\/revisions"}],"predecessor-version":[{"id":2114,"href":"https:\/\/www.harmaner.com.tr\/index.php\/wp-json\/wp\/v2\/pages\/1290\/revisions\/2114"}],"wp:attachment":[{"href":"https:\/\/www.harmaner.com.tr\/index.php\/wp-json\/wp\/v2\/media?parent=1290"}],"curies":[{"name":"wp","href":"https:\/\/api.w.org\/{rel}","templated":true}]}}